{"id":10199,"date":"2015-10-15T20:33:42","date_gmt":"2015-10-15T20:33:42","guid":{"rendered":"http:\/\/event-theme.com\/themes\/rentit\/?page_id=10199"},"modified":"2026-03-25T17:13:21","modified_gmt":"2026-03-25T20:13:21","slug":"about-us","status":"publish","type":"page","link":"https:\/\/www.locaauto.com.br\/index.php\/about-us\/","title":{"rendered":"Quem somos"},"content":{"rendered":"<div class=\"wpb-content-wrapper\"><p>[vc_row][vc_column][rentit_conatainer]\t<div class=\"text-center lead\">\r\n\t\t<\/p>\n<p style=\"text-align: left;\">H\u00e1 40 anos a Loca Auto \u2013 Rent a Car oferece o que existe de melhor em solu\u00e7\u00e3o de aluguel de carros, a lazer ou a neg\u00f3cio, nossa marca registrada \u00e9 efici\u00eancia e agilidade no aluguel de carros com total pontualidade.<\/p>\n<p style=\"text-align: left;\"><strong>Miss\u00e3o:\u00a0<\/strong>Ser uma empresa moderna, din\u00e2mica e competitiva, que atrav\u00e9s de parcerias diversas, objetivos bem definidos e estabelecimento de metas claras, possam tornar a Empresa l\u00edder no mercado em que atua.<\/p>\n<p style=\"text-align: left;\"><strong>Vis\u00e3o:\u00a0<\/strong>Ampliar sua a\u00e7\u00e3o empresarial no mercado Regional e Estadual, otimizando todos os seus recursos dispon\u00edveis, na busca constante da lideran\u00e7a e conquista de novos mercados junto a seus clientes diretos e em potencial.<\/p>\n<p>\t<\/div>\r\n\t <hr class=\"page-divider\">[vc_single_image image=&#8221;12411&#8243; img_size=&#8221;full&#8221; alignment=&#8221;center&#8221; css=&#8221;&#8221;][\/rentit_conatainer][\/vc_column][\/vc_row]<\/p>\n<\/div>","protected":false},"excerpt":{"rendered":"[vc_row][vc_column][rentit_conatainer] H\u00e1 40 anos a Loca Auto \u2013 Rent a Car oferece o que existe de melhor em solu\u00e7\u00e3o de aluguel de carros, a lazer ou a neg\u00f3cio, nossa marca registrada \u00e9 efici\u00eancia e agilidade no aluguel de carros com total pontualidade. Miss\u00e3o:\u00a0Ser uma empresa moderna, din\u00e2mica e competitiva, que atrav\u00e9s de parcerias diversas, objetivos [...]","protected":false},"author":1,"featured_media":0,"parent":0,"menu_order":0,"comment_status":"closed","ping_status":"closed","template":"template-fullwidth-breadcrumb.php","meta":{"footnotes":""},"class_list":["post-10199","page","type-page","status-publish","hentry"],"_links":{"self":[{"href":"https:\/\/www.locaauto.com.br\/index.php\/wp-json\/wp\/v2\/pages\/10199","targetHints":{"allow":["GET"]}}],"collection":[{"href":"https:\/\/www.locaauto.com.br\/index.php\/wp-json\/wp\/v2\/pages"}],"about":[{"href":"https:\/\/www.locaauto.com.br\/index.php\/wp-json\/wp\/v2\/types\/page"}],"author":[{"embeddable":true,"href":"https:\/\/www.locaauto.com.br\/index.php\/wp-json\/wp\/v2\/users\/1"}],"replies":[{"embeddable":true,"href":"https:\/\/www.locaauto.com.br\/index.php\/wp-json\/wp\/v2\/comments?post=10199"}],"version-history":[{"count":4,"href":"https:\/\/www.locaauto.com.br\/index.php\/wp-json\/wp\/v2\/pages\/10199\/revisions"}],"predecessor-version":[{"id":12412,"href":"https:\/\/www.locaauto.com.br\/index.php\/wp-json\/wp\/v2\/pages\/10199\/revisions\/12412"}],"wp:attachment":[{"href":"https:\/\/www.locaauto.com.br\/index.php\/wp-json\/wp\/v2\/media?parent=10199"}],"curies":[{"name":"wp","href":"https:\/\/api.w.org\/{rel}","templated":true}]}}